{"id":538,"date":"2018-05-18T08:14:10","date_gmt":"2018-05-18T07:14:10","guid":{"rendered":"http:\/\/www.lesailesblanches.com\/?page_id=538"},"modified":"2018-06-13T08:40:56","modified_gmt":"2018-06-13T07:40:56","slug":"faire-un-don","status":"publish","type":"page","link":"https:\/\/www.lesailesblanches.com\/?page_id=538","title":{"rendered":"Faire un don"},"content":{"rendered":"<p><span style=\"color: #950095\">Vous pouvez <strong>faire un don<\/strong> \u00e0 l&#8217;association &#8220;Les Ailes Blanches&#8221; par ch\u00e8que \u00e0 l&#8217;ordre de l&#8217;Association Les Ailes Blanches \u00e0 adresser \u00e0 :<\/span><\/p>\n<p>&nbsp;<\/p>\n<p><strong><span style=\"color: #950095\">Association Les Ailes Blanches<\/span><\/strong><\/p>\n<p><span style=\"color: #950095\">5<\/span><span style=\"color: #950095\"> rue de la Minoterie<\/span><\/p>\n<p><span style=\"color: #950095\">74940 Annecy-Le-Vieux<\/span><\/p>\n","protected":false},"excerpt":{"rendered":"<p>Vous pouvez faire un don \u00e0 l&#8217;association &#8220;Les Ailes Blanches&#8221; par ch\u00e8que \u00e0 l&#8217;ordre de l&#8217;Association Les Ailes Blanches \u00e0 adresser \u00e0 : &nbsp; Association Les Ailes Blanches 5 rue de la Minoterie 74940 Annecy-Le-Vieux<\/p>\n","protected":false},"author":2,"featured_media":0,"parent":0,"menu_order":0,"comment_status":"closed","ping_status":"closed","template":"","meta":{"rop_custom_images_group":[],"rop_custom_messages_group":[],"rop_publish_now":"initial","rop_publish_now_accounts":[],"rop_publish_now_history":[],"rop_publish_now_status":"pending","footnotes":""},"class_list":["post-538","page","type-page","status-publish","hentry"],"_links":{"self":[{"href":"https:\/\/www.lesailesblanches.com\/index.php?rest_route=\/wp\/v2\/pages\/538","targetHints":{"allow":["GET"]}}],"collection":[{"href":"https:\/\/www.lesailesblanches.com\/index.php?rest_route=\/wp\/v2\/pages"}],"about":[{"href":"https:\/\/www.lesailesblanches.com\/index.php?rest_route=\/wp\/v2\/types\/page"}],"author":[{"embeddable":true,"href":"https:\/\/www.lesailesblanches.com\/index.php?rest_route=\/wp\/v2\/users\/2"}],"replies":[{"embeddable":true,"href":"https:\/\/www.lesailesblanches.com\/index.php?rest_route=%2Fwp%2Fv2%2Fcomments&post=538"}],"version-history":[{"count":5,"href":"https:\/\/www.lesailesblanches.com\/index.php?rest_route=\/wp\/v2\/pages\/538\/revisions"}],"predecessor-version":[{"id":569,"href":"https:\/\/www.lesailesblanches.com\/index.php?rest_route=\/wp\/v2\/pages\/538\/revisions\/569"}],"wp:attachment":[{"href":"https:\/\/www.lesailesblanches.com\/index.php?rest_route=%2Fwp%2Fv2%2Fmedia&parent=538"}],"curies":[{"name":"wp","href":"https:\/\/api.w.org\/{rel}","templated":true}]}}