{"id":46,"date":"2016-12-01T08:17:06","date_gmt":"2016-12-01T07:17:06","guid":{"rendered":"http:\/\/www.lesailesblanches.com\/?page_id=46"},"modified":"2018-05-18T08:32:58","modified_gmt":"2018-05-18T07:32:58","slug":"contact","status":"publish","type":"page","link":"https:\/\/www.lesailesblanches.com\/?page_id=46","title":{"rendered":"CONTACT"},"content":{"rendered":"<p><span style=\"color: #6700ce\">Vous pouvez nous joindre:<\/span><\/p>\n<ul>\n<li><span style=\"color: #6700ce\">par mail : <a href=\"mailto:contact@lesailesblanches.com\">contact@lesailesblanches.com<\/a><\/span><\/li>\n<li><span style=\"color: #6700ce\">par t\u00e9l\u00e9phone: 06 27 71 48 10<\/span><\/li>\n<\/ul>\n<p><span style=\"color: #6700ce\">Le si\u00e8ge social de l&#8217;association se trouve \u00e0 Annecy-le-Vieux<\/span><\/p>\n<p><span style=\"color: #6700ce\">\u00a0<\/span><\/p>\n","protected":false},"excerpt":{"rendered":"<p>Vous pouvez nous joindre: par mail : contact@lesailesblanches.com par t\u00e9l\u00e9phone: 06 27 71 48 10 Le si\u00e8ge social de l&#8217;association se trouve \u00e0 Annecy-le-Vieux \u00a0<\/p>\n","protected":false},"author":1,"featured_media":0,"parent":0,"menu_order":0,"comment_status":"closed","ping_status":"closed","template":"","meta":{"rop_custom_images_group":[],"rop_custom_messages_group":[],"rop_publish_now":"initial","rop_publish_now_accounts":[],"rop_publish_now_history":[],"rop_publish_now_status":"pending","footnotes":""},"class_list":["post-46","page","type-page","status-publish","hentry"],"_links":{"self":[{"href":"https:\/\/www.lesailesblanches.com\/index.php?rest_route=\/wp\/v2\/pages\/46","targetHints":{"allow":["GET"]}}],"collection":[{"href":"https:\/\/www.lesailesblanches.com\/index.php?rest_route=\/wp\/v2\/pages"}],"about":[{"href":"https:\/\/www.lesailesblanches.com\/index.php?rest_route=\/wp\/v2\/types\/page"}],"author":[{"embeddable":true,"href":"https:\/\/www.lesailesblanches.com\/index.php?rest_route=\/wp\/v2\/users\/1"}],"replies":[{"embeddable":true,"href":"https:\/\/www.lesailesblanches.com\/index.php?rest_route=%2Fwp%2Fv2%2Fcomments&post=46"}],"version-history":[{"count":14,"href":"https:\/\/www.lesailesblanches.com\/index.php?rest_route=\/wp\/v2\/pages\/46\/revisions"}],"predecessor-version":[{"id":545,"href":"https:\/\/www.lesailesblanches.com\/index.php?rest_route=\/wp\/v2\/pages\/46\/revisions\/545"}],"wp:attachment":[{"href":"https:\/\/www.lesailesblanches.com\/index.php?rest_route=%2Fwp%2Fv2%2Fmedia&parent=46"}],"curies":[{"name":"wp","href":"https:\/\/api.w.org\/{rel}","templated":true}]}}